{"id":6637,"date":"2022-05-09T12:26:55","date_gmt":"2022-05-09T10:26:55","guid":{"rendered":"https:\/\/dafi.infonaturally-responsible\/"},"modified":"2022-05-25T14:30:32","modified_gmt":"2022-05-25T12:30:32","slug":"natuerlich-verantwortlich","status":"publish","type":"page","link":"https:\/\/dafi.info\/de\/natuerlich-verantwortlich\/","title":{"rendered":"Nat\u00fcrlich verantwortlich"},"content":{"rendered":"<p>Unsere Arbeit bringt eine gro\u00dfe Verantwortung mit sich, und deshalb handeln wir so, dass wir die Umwelt nicht sch\u00e4digen und anderen dabei helfen, sich weiter zu entwickeln.<\/p>\n","protected":false},"excerpt":{"rendered":"<p>Unsere Arbeit bringt eine gro\u00dfe Verantwortung mit sich, und deshalb handeln wir so, dass wir die Umwelt nicht sch\u00e4digen und anderen dabei helfen, sich weiter zu entwickeln.<\/p>\n","protected":false},"author":1,"featured_media":6639,"parent":0,"menu_order":0,"comment_status":"closed","ping_status":"closed","template":"template-page\/page-naturalnie-odpowiedzialni.php","meta":{"_acf_changed":false,"footnotes":""},"class_list":["post-6637","page","type-page","status-publish","has-post-thumbnail","hentry"],"acf":[],"_links":{"self":[{"href":"https:\/\/dafi.info\/de\/wp-json\/wp\/v2\/pages\/6637","targetHints":{"allow":["GET"]}}],"collection":[{"href":"https:\/\/dafi.info\/de\/wp-json\/wp\/v2\/pages"}],"about":[{"href":"https:\/\/dafi.info\/de\/wp-json\/wp\/v2\/types\/page"}],"author":[{"embeddable":true,"href":"https:\/\/dafi.info\/de\/wp-json\/wp\/v2\/users\/1"}],"replies":[{"embeddable":true,"href":"https:\/\/dafi.info\/de\/wp-json\/wp\/v2\/comments?post=6637"}],"version-history":[{"count":2,"href":"https:\/\/dafi.info\/de\/wp-json\/wp\/v2\/pages\/6637\/revisions"}],"predecessor-version":[{"id":6662,"href":"https:\/\/dafi.info\/de\/wp-json\/wp\/v2\/pages\/6637\/revisions\/6662"}],"wp:featuredmedia":[{"embeddable":true,"href":"https:\/\/dafi.info\/de\/wp-json\/wp\/v2\/media\/6639"}],"wp:attachment":[{"href":"https:\/\/dafi.info\/de\/wp-json\/wp\/v2\/media?parent=6637"}],"curies":[{"name":"wp","href":"https:\/\/api.w.org\/{rel}","templated":true}]}}